{"id":45,"date":"2025-03-01T12:38:14","date_gmt":"2025-03-01T12:38:14","guid":{"rendered":"https:\/\/rallypicosdeeuropa.com\/?page_id=45"},"modified":"2026-04-28T17:00:14","modified_gmt":"2026-04-28T17:00:14","slug":"inicio","status":"publish","type":"page","link":"https:\/\/rallypicosdeeuropa.com\/","title":{"rendered":"Inicio"},"content":{"rendered":"\t\t<div data-elementor-type=\"wp-page\" data-elementor-id=\"45\" class=\"elementor elementor-45\" data-elementor-post-type=\"page\">\n\t\t\t\t<div class=\"elementor-element elementor-element-e2fed9b e-con-full e-flex e-con e-parent\" data-id=\"e2fed9b\" data-element_type=\"container\">\n\t\t\t\t<div class=\"elementor-element elementor-element-4dfa7a1 elementor-widget__width-inherit elementor-widget elementor-widget-image\" data-id=\"4dfa7a1\" data-element_type=\"widget\" data-widget_type=\"image.default\">\n\t\t\t\t<div class=\"elementor-widget-container\">\n\t\t\t\t\t\t\t\t\t\t\t\t\t\t\t<img fetchpriority=\"high\" decoding=\"async\" width=\"2048\" height=\"758\" src=\"https:\/\/rallypicosdeeuropa.com\/wp-content\/uploads\/2026\/04\/PLACA-RPE26-1-2048x758.png\" class=\"attachment-2048x2048 size-2048x2048 wp-image-341\" alt=\"\" srcset=\"https:\/\/rallypicosdeeuropa.com\/wp-content\/uploads\/2026\/04\/PLACA-RPE26-1-2048x758.png 2048w, https:\/\/rallypicosdeeuropa.com\/wp-content\/uploads\/2026\/04\/PLACA-RPE26-1-300x111.png 300w, https:\/\/rallypicosdeeuropa.com\/wp-content\/uploads\/2026\/04\/PLACA-RPE26-1-1024x379.png 1024w, https:\/\/rallypicosdeeuropa.com\/wp-content\/uploads\/2026\/04\/PLACA-RPE26-1-768x284.png 768w, https:\/\/rallypicosdeeuropa.com\/wp-content\/uploads\/2026\/04\/PLACA-RPE26-1-1536x569.png 1536w\" sizes=\"(max-width: 2048px) 100vw, 2048px\" \/>\t\t\t\t\t\t\t\t\t\t\t\t\t\t\t<\/div>\n\t\t\t\t<\/div>\n\t\t\t\t<\/div>\n\t\t<div class=\"elementor-element elementor-element-758ddbd e-con-full e-flex e-con e-parent\" data-id=\"758ddbd\" data-element_type=\"container\">\n\t\t\t\t<div class=\"elementor-element elementor-element-77a78a0 elementor-widget elementor-widget-heading\" data-id=\"77a78a0\" data-element_type=\"widget\" data-widget_type=\"heading.default\">\n\t\t\t\t<div class=\"elementor-widget-container\">\n\t\t\t\t\t<h6 class=\"elementor-heading-title elementor-size-default\">patrocina:<\/h6>\t\t\t\t<\/div>\n\t\t\t\t<\/div>\n\t\t\t\t<\/div>\n\t\t<div class=\"elementor-element elementor-element-a2a16c5 e-con-full e-flex e-con e-parent\" data-id=\"a2a16c5\" data-element_type=\"container\">\n\t\t\t\t<div class=\"elementor-element elementor-element-3fff3b2 elementor-widget elementor-widget-image\" data-id=\"3fff3b2\" data-element_type=\"widget\" data-widget_type=\"image.default\">\n\t\t\t\t<div class=\"elementor-widget-container\">\n\t\t\t\t\t\t\t\t\t\t\t\t\t\t\t<img decoding=\"async\" width=\"2560\" height=\"542\" src=\"https:\/\/rallypicosdeeuropa.com\/wp-content\/uploads\/2026\/04\/PLACA-RPE26-2-scaled-e1776963395877.png\" class=\"attachment-full size-full wp-image-349\" alt=\"\" srcset=\"https:\/\/rallypicosdeeuropa.com\/wp-content\/uploads\/2026\/04\/PLACA-RPE26-2-scaled-e1776963395877.png 2560w, https:\/\/rallypicosdeeuropa.com\/wp-content\/uploads\/2026\/04\/PLACA-RPE26-2-scaled-e1776963395877-300x64.png 300w, https:\/\/rallypicosdeeuropa.com\/wp-content\/uploads\/2026\/04\/PLACA-RPE26-2-scaled-e1776963395877-1024x217.png 1024w, https:\/\/rallypicosdeeuropa.com\/wp-content\/uploads\/2026\/04\/PLACA-RPE26-2-scaled-e1776963395877-768x163.png 768w, https:\/\/rallypicosdeeuropa.com\/wp-content\/uploads\/2026\/04\/PLACA-RPE26-2-scaled-e1776963395877-1536x325.png 1536w, https:\/\/rallypicosdeeuropa.com\/wp-content\/uploads\/2026\/04\/PLACA-RPE26-2-scaled-e1776963395877-2048x434.png 2048w\" sizes=\"(max-width: 2560px) 100vw, 2560px\" \/>\t\t\t\t\t\t\t\t\t\t\t\t\t\t\t<\/div>\n\t\t\t\t<\/div>\n\t\t\t\t<\/div>\n\t\t<div class=\"elementor-element elementor-element-ecd7d82 e-con-full e-flex e-con e-parent\" data-id=\"ecd7d82\" data-element_type=\"container\">\n\t\t\t\t<\/div>\n\t\t<div class=\"elementor-element elementor-element-d70483f e-con-full e-flex e-con e-parent\" data-id=\"d70483f\" data-element_type=\"container\">\n\t\t\t\t<div class=\"elementor-element elementor-element-1b11791 elementor-widget elementor-widget-heading\" data-id=\"1b11791\" data-element_type=\"widget\" data-widget_type=\"heading.default\">\n\t\t\t\t<div class=\"elementor-widget-container\">\n\t\t\t\t\t<h6 class=\"elementor-heading-title elementor-size-default\">documentaci\u00f3n:<\/h6>\t\t\t\t<\/div>\n\t\t\t\t<\/div>\n\t\t\t\t<\/div>\n\t\t<div class=\"elementor-element elementor-element-12a3c7f6 e-con-full e-flex e-con e-parent\" data-id=\"12a3c7f6\" data-element_type=\"container\" id=\"next\" data-settings=\"{&quot;background_background&quot;:&quot;classic&quot;}\">\n\t\t<div class=\"elementor-element elementor-element-7fd3ff5c e-con-full e-flex e-con e-child\" data-id=\"7fd3ff5c\" data-element_type=\"container\">\n\t\t<div class=\"elementor-element elementor-element-141498e0 e-con-full e-flex e-con e-child\" data-id=\"141498e0\" data-element_type=\"container\">\n\t\t\t\t<div class=\"elementor-element elementor-element-37c8bfd3 elementor-position-top elementor-widget elementor-widget-image-box\" data-id=\"37c8bfd3\" data-element_type=\"widget\" data-widget_type=\"image-box.default\">\n\t\t\t\t<div class=\"elementor-widget-container\">\n\t\t\t\t\t<div class=\"elementor-image-box-wrapper\"><figure class=\"elementor-image-box-img\"><img decoding=\"async\" width=\"500\" height=\"500\" src=\"https:\/\/rallypicosdeeuropa.com\/wp-content\/uploads\/2025\/03\/Diseno-sin-titulo-5.png\" class=\"elementor-animation-grow attachment-full size-full wp-image-98\" alt=\"\" srcset=\"https:\/\/rallypicosdeeuropa.com\/wp-content\/uploads\/2025\/03\/Diseno-sin-titulo-5.png 500w, https:\/\/rallypicosdeeuropa.com\/wp-content\/uploads\/2025\/03\/Diseno-sin-titulo-5-300x300.png 300w, https:\/\/rallypicosdeeuropa.com\/wp-content\/uploads\/2025\/03\/Diseno-sin-titulo-5-150x150.png 150w\" sizes=\"(max-width: 500px) 100vw, 500px\" \/><\/figure><div class=\"elementor-image-box-content\"><h4 class=\"elementor-image-box-title\">MAPA <\/h4><\/div><\/div>\t\t\t\t<\/div>\n\t\t\t\t<\/div>\n\t\t\t\t<div class=\"elementor-element elementor-element-c43816a elementor-widget elementor-widget-heading\" data-id=\"c43816a\" data-element_type=\"widget\" data-widget_type=\"heading.default\">\n\t\t\t\t<div class=\"elementor-widget-container\">\n\t\t\t\t\t<h4 class=\"elementor-heading-title elementor-size-default\">Pendiente publicaci\u00f3n<\/h4>\t\t\t\t<\/div>\n\t\t\t\t<\/div>\n\t\t\t\t<\/div>\n\t\t<div class=\"elementor-element elementor-element-2b607def e-con-full e-flex e-con e-child\" data-id=\"2b607def\" data-element_type=\"container\">\n\t\t\t\t<div class=\"elementor-element elementor-element-692832e1 elementor-position-top elementor-widget elementor-widget-image-box\" data-id=\"692832e1\" data-element_type=\"widget\" data-widget_type=\"image-box.default\">\n\t\t\t\t<div class=\"elementor-widget-container\">\n\t\t\t\t\t<div class=\"elementor-image-box-wrapper\"><figure class=\"elementor-image-box-img\"><img loading=\"lazy\" decoding=\"async\" width=\"500\" height=\"500\" src=\"https:\/\/rallypicosdeeuropa.com\/wp-content\/uploads\/2025\/03\/Diseno-sin-titulo-4.png\" class=\"elementor-animation-grow attachment-full size-full wp-image-97\" alt=\"\" srcset=\"https:\/\/rallypicosdeeuropa.com\/wp-content\/uploads\/2025\/03\/Diseno-sin-titulo-4.png 500w, https:\/\/rallypicosdeeuropa.com\/wp-content\/uploads\/2025\/03\/Diseno-sin-titulo-4-300x300.png 300w, https:\/\/rallypicosdeeuropa.com\/wp-content\/uploads\/2025\/03\/Diseno-sin-titulo-4-150x150.png 150w\" sizes=\"(max-width: 500px) 100vw, 500px\" \/><\/figure><div class=\"elementor-image-box-content\"><h4 class=\"elementor-image-box-title\">HORARIOS<\/h4><\/div><\/div>\t\t\t\t<\/div>\n\t\t\t\t<\/div>\n\t\t\t\t<div class=\"elementor-element elementor-element-80f3f44 elementor-widget elementor-widget-heading\" data-id=\"80f3f44\" data-element_type=\"widget\" data-widget_type=\"heading.default\">\n\t\t\t\t<div class=\"elementor-widget-container\">\n\t\t\t\t\t<h4 class=\"elementor-heading-title elementor-size-default\">Pendiente publicaci\u00f3n<\/h4>\t\t\t\t<\/div>\n\t\t\t\t<\/div>\n\t\t\t\t<\/div>\n\t\t<div class=\"elementor-element elementor-element-5df8819b e-con-full e-flex e-con e-child\" data-id=\"5df8819b\" data-element_type=\"container\">\n\t\t\t\t<div class=\"elementor-element elementor-element-20bb74a0 elementor-position-top elementor-widget elementor-widget-image-box\" data-id=\"20bb74a0\" data-element_type=\"widget\" data-widget_type=\"image-box.default\">\n\t\t\t\t<div class=\"elementor-widget-container\">\n\t\t\t\t\t<div class=\"elementor-image-box-wrapper\"><figure class=\"elementor-image-box-img\"><img loading=\"lazy\" decoding=\"async\" width=\"500\" height=\"500\" src=\"https:\/\/rallypicosdeeuropa.com\/wp-content\/uploads\/2025\/03\/Diseno-sin-titulo-6.png\" class=\"elementor-animation-grow attachment-full size-full wp-image-96\" alt=\"\" srcset=\"https:\/\/rallypicosdeeuropa.com\/wp-content\/uploads\/2025\/03\/Diseno-sin-titulo-6.png 500w, https:\/\/rallypicosdeeuropa.com\/wp-content\/uploads\/2025\/03\/Diseno-sin-titulo-6-300x300.png 300w, https:\/\/rallypicosdeeuropa.com\/wp-content\/uploads\/2025\/03\/Diseno-sin-titulo-6-150x150.png 150w\" sizes=\"(max-width: 500px) 100vw, 500px\" \/><\/figure><div class=\"elementor-image-box-content\"><h4 class=\"elementor-image-box-title\">LISTA DE INSCRITOS<\/h4><\/div><\/div>\t\t\t\t<\/div>\n\t\t\t\t<\/div>\n\t\t\t\t<div class=\"elementor-element elementor-element-0c042ad elementor-widget elementor-widget-heading\" data-id=\"0c042ad\" data-element_type=\"widget\" data-widget_type=\"heading.default\">\n\t\t\t\t<div class=\"elementor-widget-container\">\n\t\t\t\t\t<h4 class=\"elementor-heading-title elementor-size-default\">Pendiente publicaci\u00f3n<\/h4>\t\t\t\t<\/div>\n\t\t\t\t<\/div>\n\t\t\t\t<\/div>\n\t\t<div class=\"elementor-element elementor-element-352d0f00 e-con-full e-flex e-con e-child\" data-id=\"352d0f00\" data-element_type=\"container\">\n\t\t\t\t<div class=\"elementor-element elementor-element-15aec428 elementor-position-top elementor-widget elementor-widget-image-box\" data-id=\"15aec428\" data-element_type=\"widget\" data-widget_type=\"image-box.default\">\n\t\t\t\t<div class=\"elementor-widget-container\">\n\t\t\t\t\t<div class=\"elementor-image-box-wrapper\"><figure class=\"elementor-image-box-img\"><img loading=\"lazy\" decoding=\"async\" width=\"500\" height=\"500\" src=\"https:\/\/rallypicosdeeuropa.com\/wp-content\/uploads\/2025\/03\/Diseno-sin-titulo-7.png\" class=\"elementor-animation-grow attachment-full size-full wp-image-95\" alt=\"\" srcset=\"https:\/\/rallypicosdeeuropa.com\/wp-content\/uploads\/2025\/03\/Diseno-sin-titulo-7.png 500w, https:\/\/rallypicosdeeuropa.com\/wp-content\/uploads\/2025\/03\/Diseno-sin-titulo-7-300x300.png 300w, https:\/\/rallypicosdeeuropa.com\/wp-content\/uploads\/2025\/03\/Diseno-sin-titulo-7-150x150.png 150w\" sizes=\"(max-width: 500px) 100vw, 500px\" \/><\/figure><div class=\"elementor-image-box-content\"><h4 class=\"elementor-image-box-title\">EN DIRECTO<\/h4><\/div><\/div>\t\t\t\t<\/div>\n\t\t\t\t<\/div>\n\t\t<div class=\"elementor-element elementor-element-1ab5d33 e-con-full e-flex e-con e-child\" data-id=\"1ab5d33\" data-element_type=\"container\">\n\t\t\t\t<div class=\"elementor-element elementor-element-f7a204f elementor-widget elementor-widget-heading\" data-id=\"f7a204f\" data-element_type=\"widget\" data-widget_type=\"heading.default\">\n\t\t\t\t<div class=\"elementor-widget-container\">\n\t\t\t\t\t<h4 class=\"elementor-heading-title elementor-size-default\"><a href=\"https:\/\/cadenaser.com\/radio-asturias\/\">&gt; Radio<\/a><\/h4>\t\t\t\t<\/div>\n\t\t\t\t<\/div>\n\t\t\t\t<div class=\"elementor-element elementor-element-3369d0a elementor-widget elementor-widget-heading\" data-id=\"3369d0a\" data-element_type=\"widget\" data-widget_type=\"heading.default\">\n\t\t\t\t<div class=\"elementor-widget-container\">\n\t\t\t\t\t<h4 class=\"elementor-heading-title elementor-size-default\"><a href=\"https:\/\/www.rtpa.es\/tpa-television\">&gt; TV <\/a><\/h4>\t\t\t\t<\/div>\n\t\t\t\t<\/div>\n\t\t\t\t<div class=\"elementor-element elementor-element-15b2fcc elementor-widget elementor-widget-heading\" data-id=\"15b2fcc\" data-element_type=\"widget\" data-widget_type=\"heading.default\">\n\t\t\t\t<div class=\"elementor-widget-container\">\n\t\t\t\t\t<h4 class=\"elementor-heading-title elementor-size-default\">&gt; Tiempos On-Line<\/h4>\t\t\t\t<\/div>\n\t\t\t\t<\/div>\n\t\t\t\t<\/div>\n\t\t\t\t<\/div>\n\t\t\t\t<\/div>\n\t\t\t\t<\/div>\n\t\t<div class=\"elementor-element elementor-element-7d51428 e-con-full e-flex e-con e-parent\" data-id=\"7d51428\" data-element_type=\"container\">\n\t\t\t\t<div class=\"elementor-element elementor-element-e3ad2f4 elementor-widget__width-inherit elementor-widget elementor-widget-image\" data-id=\"e3ad2f4\" data-element_type=\"widget\" data-widget_type=\"image.default\">\n\t\t\t\t<div class=\"elementor-widget-container\">\n\t\t\t\t\t\t\t\t\t\t\t\t\t\t\t\t<a href=\"https:\/\/www.toyota.es\/\">\n\t\t\t\t\t\t\t<img loading=\"lazy\" decoding=\"async\" width=\"2560\" height=\"433\" src=\"https:\/\/rallypicosdeeuropa.com\/wp-content\/uploads\/2025\/05\/Diseno-sin-titulo-10-scaled.png\" class=\"attachment-full size-full wp-image-213\" alt=\"\" srcset=\"https:\/\/rallypicosdeeuropa.com\/wp-content\/uploads\/2025\/05\/Diseno-sin-titulo-10-scaled.png 2560w, https:\/\/rallypicosdeeuropa.com\/wp-content\/uploads\/2025\/05\/Diseno-sin-titulo-10-300x51.png 300w, https:\/\/rallypicosdeeuropa.com\/wp-content\/uploads\/2025\/05\/Diseno-sin-titulo-10-1024x173.png 1024w, https:\/\/rallypicosdeeuropa.com\/wp-content\/uploads\/2025\/05\/Diseno-sin-titulo-10-768x130.png 768w, https:\/\/rallypicosdeeuropa.com\/wp-content\/uploads\/2025\/05\/Diseno-sin-titulo-10-1536x260.png 1536w, https:\/\/rallypicosdeeuropa.com\/wp-content\/uploads\/2025\/05\/Diseno-sin-titulo-10-2048x347.png 2048w\" sizes=\"(max-width: 2560px) 100vw, 2560px\" \/>\t\t\t\t\t\t\t\t<\/a>\n\t\t\t\t\t\t\t\t\t\t\t\t\t\t\t<\/div>\n\t\t\t\t<\/div>\n\t\t\t\t<\/div>\n\t\t<div class=\"elementor-element elementor-element-4d1bcfc4 e-flex e-con-boxed e-con e-parent\" data-id=\"4d1bcfc4\" data-element_type=\"container\" data-settings=\"{&quot;background_background&quot;:&quot;classic&quot;}\">\n\t\t\t\t\t<div class=\"e-con-inner\">\n\t\t\t\t<div class=\"elementor-element elementor-element-1215494 elementor-widget elementor-widget-heading\" data-id=\"1215494\" data-element_type=\"widget\" data-widget_type=\"heading.default\">\n\t\t\t\t<div class=\"elementor-widget-container\">\n\t\t\t\t\t<h3 class=\"elementor-heading-title elementor-size-default\">el rally<\/h3>\t\t\t\t<\/div>\n\t\t\t\t<\/div>\n\t\t<div class=\"elementor-element elementor-element-57ab659a e-con-full e-flex e-con e-child\" data-id=\"57ab659a\" data-element_type=\"container\">\n\t\t\t\t<div class=\"elementor-element elementor-element-114db297 elementor-widget__width-inherit elementor-widget elementor-widget-price-list\" data-id=\"114db297\" data-element_type=\"widget\" data-widget_type=\"price-list.default\">\n\t\t\t\t<div class=\"elementor-widget-container\">\n\t\t\t\t\t\n\t\t<ul class=\"elementor-price-list\">\n\n\t\t\t\t\t\t\t\t\t<li><a class=\"elementor-price-list-item\" href=\"#\">\t\t\t\t\n\t\t\t\t<div class=\"elementor-price-list-text\">\n\t\t\t\t\t\t\t\t\t<div class=\"elementor-price-list-header\">\n\t\t\t\t\t\t\t\t\t\t\t<span class=\"elementor-price-list-title\">\n\t\t\t\t\t\t\tSUPERFICIE\t\t\t\t\t\t<\/span>\n\t\t\t\t\t\t\t\t\t\t\t\t\t\t\t\t\t\t<span class=\"elementor-price-list-separator\"><\/span>\n\t\t\t\t\t\t\t\t\t\t\t\t\t\t\t\t<\/div>\n\t\t\t\t\t\t\t\t\t\t\t\t\t\t\t<p class=\"elementor-price-list-description\">\n\t\t\t\t\t\t\t100% ASFALTO\t\t\t\t\t\t<\/p>\n\t\t\t\t\t\t\t\t<\/div>\n\t\t\t\t<\/a><\/li>\t\t\t\t\t\n\t\t<\/ul>\n\n\t\t\t\t\t\t<\/div>\n\t\t\t\t<\/div>\n\t\t\t\t<div class=\"elementor-element elementor-element-6c2805cb elementor-widget__width-inherit elementor-widget elementor-widget-price-list\" data-id=\"6c2805cb\" data-element_type=\"widget\" data-widget_type=\"price-list.default\">\n\t\t\t\t<div class=\"elementor-widget-container\">\n\t\t\t\t\t\n\t\t<ul class=\"elementor-price-list\">\n\n\t\t\t\t\t\t\t\t\t<li><a class=\"elementor-price-list-item\" href=\"#\">\t\t\t\t\n\t\t\t\t<div class=\"elementor-price-list-text\">\n\t\t\t\t\t\t\t\t\t<div class=\"elementor-price-list-header\">\n\t\t\t\t\t\t\t\t\t\t\t<span class=\"elementor-price-list-title\">\n\t\t\t\t\t\t\tESPECIALES\t\t\t\t\t\t<\/span>\n\t\t\t\t\t\t\t\t\t\t\t\t\t\t\t\t\t\t<span class=\"elementor-price-list-separator\"><\/span>\n\t\t\t\t\t\t\t\t\t\t\t\t\t\t\t\t<\/div>\n\t\t\t\t\t\t\t\t\t\t\t\t\t\t\t<p class=\"elementor-price-list-description\">\n\t\t\t\t\t\t\t8 especiales repartidas en 4 tramos\t\t\t\t\t\t<\/p>\n\t\t\t\t\t\t\t\t<\/div>\n\t\t\t\t<\/a><\/li>\t\t\t\t\t\n\t\t<\/ul>\n\n\t\t\t\t\t\t<\/div>\n\t\t\t\t<\/div>\n\t\t\t\t<div class=\"elementor-element elementor-element-d1e873a elementor-widget__width-inherit elementor-widget elementor-widget-price-list\" data-id=\"d1e873a\" data-element_type=\"widget\" data-widget_type=\"price-list.default\">\n\t\t\t\t<div class=\"elementor-widget-container\">\n\t\t\t\t\t\n\t\t<ul class=\"elementor-price-list\">\n\n\t\t\t\t\t\t\t\t\t<li><a class=\"elementor-price-list-item\" href=\"#\">\t\t\t\t\n\t\t\t\t<div class=\"elementor-price-list-text\">\n\t\t\t\t\t\t\t\t\t<div class=\"elementor-price-list-header\">\n\t\t\t\t\t\t\t\t\t\t\t<span class=\"elementor-price-list-title\">\n\t\t\t\t\t\t\tCENTRO NEURALGICO\t\t\t\t\t\t<\/span>\n\t\t\t\t\t\t\t\t\t\t\t\t\t\t\t\t\t\t<span class=\"elementor-price-list-separator\"><\/span>\n\t\t\t\t\t\t\t\t\t\t\t\t\t\t\t\t<\/div>\n\t\t\t\t\t\t\t\t\t\t\t\t\t\t\t<p class=\"elementor-price-list-description\">\n\t\t\t\t\t\t\tCangas De Onis\t\t\t\t\t\t<\/p>\n\t\t\t\t\t\t\t\t<\/div>\n\t\t\t\t<\/a><\/li>\t\t\t\t\t\n\t\t<\/ul>\n\n\t\t\t\t\t\t<\/div>\n\t\t\t\t<\/div>\n\t\t\t\t<\/div>\n\t\t\t\t\t<\/div>\n\t\t\t\t<\/div>\n\t\t\t\t<\/div>\n\t\t","protected":false},"excerpt":{"rendered":"<p>patrocina: documentaci\u00f3n: MAPA Pendiente publicaci\u00f3n HORARIOS Pendiente publicaci\u00f3n LISTA DE INSCRITOS Pendiente publicaci\u00f3n EN DIRECTO &gt; Radio &gt; TV &gt; [&hellip;]<\/p>\n","protected":false},"author":1,"featured_media":0,"parent":0,"menu_order":0,"comment_status":"closed","ping_status":"closed","template":"","meta":{"site-sidebar-layout":"no-sidebar","site-content-layout":"","ast-site-content-layout":"full-width-container","site-content-style":"default","site-sidebar-style":"default","ast-global-header-display":"","ast-banner-title-visibility":"","ast-main-header-display":"","ast-hfb-above-header-display":"","ast-hfb-below-header-display":"","ast-hfb-mobile-header-display":"","site-post-title":"disabled","ast-breadcrumbs-content":"","ast-featured-img":"disabled","footer-sml-layout":"","theme-transparent-header-meta":"","adv-header-id-meta":"","stick-header-meta":"","header-above-stick-meta":"","header-main-stick-meta":"","header-below-stick-meta":"","astra-migrate-meta-layouts":"default","ast-page-background-enabled":"default","ast-page-background-meta":{"desktop":{"background-color":"var(--ast-global-color-5)","background-image":"","background-repeat":"repeat","background-position":"center center","background-size":"auto","background-attachment":"scroll","background-type":"","background-media":"","overlay-type":"","overlay-color":"","overlay-opacity":"","overlay-gradient":""},"tablet":{"background-color":"","background-image":"","background-repeat":"repeat","background-position":"center center","background-size":"auto","background-attachment":"scroll","background-type":"","background-media":"","overlay-type":"","overlay-color":"","overlay-opacity":"","overlay-gradient":""},"mobile":{"background-color":"","background-image":"","background-repeat":"repeat","background-position":"center center","background-size":"auto","background-attachment":"scroll","background-type":"","background-media":"","overlay-type":"","overlay-color":"","overlay-opacity":"","overlay-gradient":""}},"ast-content-background-meta":{"desktop":{"background-color":"var(--ast-global-color-4)","background-image":"","background-repeat":"repeat","background-position":"center center","background-size":"auto","background-attachment":"scroll","background-type":"","background-media":"","overlay-type":"","overlay-color":"","overlay-opacity":"","overlay-gradient":""},"tablet":{"background-color":"var(--ast-global-color-4)","background-image":"","background-repeat":"repeat","background-position":"center center","background-size":"auto","background-attachment":"scroll","background-type":"","background-media":"","overlay-type":"","overlay-color":"","overlay-opacity":"","overlay-gradient":""},"mobile":{"background-color":"var(--ast-global-color-4)","background-image":"","background-repeat":"repeat","background-position":"center center","background-size":"auto","background-attachment":"scroll","background-type":"","background-media":"","overlay-type":"","overlay-color":"","overlay-opacity":"","overlay-gradient":""}},"footnotes":""},"class_list":["post-45","page","type-page","status-publish","hentry"],"_links":{"self":[{"href":"https:\/\/rallypicosdeeuropa.com\/index.php?rest_route=\/wp\/v2\/pages\/45","targetHints":{"allow":["GET"]}}],"collection":[{"href":"https:\/\/rallypicosdeeuropa.com\/index.php?rest_route=\/wp\/v2\/pages"}],"about":[{"href":"https:\/\/rallypicosdeeuropa.com\/index.php?rest_route=\/wp\/v2\/types\/page"}],"author":[{"embeddable":true,"href":"https:\/\/rallypicosdeeuropa.com\/index.php?rest_route=\/wp\/v2\/users\/1"}],"replies":[{"embeddable":true,"href":"https:\/\/rallypicosdeeuropa.com\/index.php?rest_route=%2Fwp%2Fv2%2Fcomments&post=45"}],"version-history":[{"count":133,"href":"https:\/\/rallypicosdeeuropa.com\/index.php?rest_route=\/wp\/v2\/pages\/45\/revisions"}],"predecessor-version":[{"id":376,"href":"https:\/\/rallypicosdeeuropa.com\/index.php?rest_route=\/wp\/v2\/pages\/45\/revisions\/376"}],"wp:attachment":[{"href":"https:\/\/rallypicosdeeuropa.com\/index.php?rest_route=%2Fwp%2Fv2%2Fmedia&parent=45"}],"curies":[{"name":"wp","href":"https:\/\/api.w.org\/{rel}","templated":true}]}}